{"id":2,"date":"2023-07-19T02:14:33","date_gmt":"2023-07-19T02:14:33","guid":{"rendered":"https:\/\/ongjed.azurewebsites.net\/?page_id=2"},"modified":"2025-07-16T10:50:36","modified_gmt":"2025-07-16T10:50:36","slug":"rapports-activtes-2","status":"publish","type":"page","link":"https:\/\/www.jed.sn\/?page_id=2","title":{"rendered":"Rapports d&rsquo;activit\u00e9s"},"content":{"rendered":"<style>body:not(.rtl) .elementor-2 .elementor-element.elementor-element-3a53789.drdt_sticky_fixed{left:0px;}body.rtl .elementor-2 .elementor-element.elementor-element-3a53789.drdt_sticky_fixed{right:0px;}.elementor-2 .elementor-element.elementor-element-3a53789.drdt_sticky_fixed{top:0px;z-index:5;}.elementor-widget-eael-filterable-gallery .fg-caption-head .fg-item-price{font-family:var( --e-global-typography-text-font-family ), Sans-serif;font-weight:var( --e-global-typography-text-font-weight );}.elementor-widget-eael-filterable-gallery .fg-caption-head .fg-item-ratings{font-family:var( --e-global-typography-text-font-family ), Sans-serif;font-weight:var( --e-global-typography-text-font-weight );}.elementor-widget-eael-filterable-gallery .fg-item-category span{font-family:var( --e-global-typography-text-font-family ), Sans-serif;font-weight:var( --e-global-typography-text-font-weight );}.elementor-widget-eael-filterable-gallery .fg-filter-trigger > span{font-family:var( --e-global-typography-text-font-family ), Sans-serif;font-weight:var( --e-global-typography-text-font-weight );}.elementor-widget-eael-filterable-gallery .fg-layout-3-filter-controls li.control{font-family:var( --e-global-typography-text-font-family ), Sans-serif;font-weight:var( --e-global-typography-text-font-weight );}.elementor-widget-eael-filterable-gallery .eael-gallery-load-more .eael-filterable-gallery-load-more-text{font-family:var( --e-global-typography-text-font-family ), Sans-serif;font-weight:var( --e-global-typography-text-font-weight );}.elementor-2 .elementor-element.elementor-element-6d2b706 .eael-filterable-gallery-item-wrap .eael-gallery-grid-item .gallery-item-thumbnail-wrap, \n                    .elementor-2 .elementor-element.elementor-element-6d2b706 .eael-filterable-gallery-item-wrap .eael-grid-fg-box .eael-grid-fg-img,\n                    .elementor-2 .elementor-element.elementor-element-6d2b706 .eael-filterable-gallery-item-wrap .eael-hg-grid__cell-img .grid__cell-img-inner{height:300px;}.elementor-2 .elementor-element.elementor-element-6d2b706 .gallery-item-caption-wrap{transition:500ms;}.elementor-2 .elementor-element.elementor-element-6d2b706 .eael-filter-gallery-wrapper{background-color:#fff;border-radius:0px;}.elementor-2 .elementor-element.elementor-element-6d2b706 .eael-filter-gallery-control ul li.control{font-family:\"Plus Jakarta Sans\", Sans-serif;font-weight:700;color:#444;}.elementor-2 .elementor-element.elementor-element-6d2b706 .eael-filter-gallery-control ul > li.control{border-radius:0px;}.elementor-2 .elementor-element.elementor-element-6d2b706 .eael-filter-gallery-control ul li.active{color:#fff;}.elementor-2 .elementor-element.elementor-element-6d2b706 .eael-filter-gallery-control ul li.control.active{background:#680FA9;border-radius:0px;}.elementor-2 .elementor-element.elementor-element-6d2b706 .eael-filterable-gallery-item-wrap .eael-gallery-grid-item, \n                    .elementor-2 .elementor-element.elementor-element-6d2b706 .eael-filterable-gallery-item-wrap .eael-grid-fg-box,\n                    .elementor-2 .elementor-element.elementor-element-6d2b706 .eael-filterable-gallery-item-wrap .eael-hg-grid__cell-img{border-radius:5px;}.elementor-2 .elementor-element.elementor-element-6d2b706 .gallery-item-caption-wrap .gallery-item-hoverer-bg{background-color:rgba(0,0,0,0.7);}.elementor-2 .elementor-element.elementor-element-6d2b706 .gallery-item-caption-wrap.caption-style-hoverer .fg-item-title{color:#ffffff;}.elementor-2 .elementor-element.elementor-element-6d2b706 .gallery-item-caption-wrap.caption-style-hoverer .fg-item-content{color:#ffffff;}.elementor-2 .elementor-element.elementor-element-6d2b706 .video-popup-bg{background-color:rgba(0, 0, 0, .7);}.elementor-2 .elementor-element.elementor-element-6d2b706 .video-popup:hover > img{transform:scale(1.1);}.elementor-2 .elementor-element.elementor-element-6d2b706 .gallery-item-caption-wrap .gallery-item-buttons > a span{background:#ff622a;color:#fff;height:50px;line-height:50px;width:50px;font-size:18px;border-radius:100px;transition:300ms;}.elementor-2 .elementor-element.elementor-element-6d2b706 .gallery-item-caption-wrap .gallery-item-buttons > a span img{height:18px;width:18px;}.elementor-2 .elementor-element.elementor-element-6d2b706 .gallery-item-caption-wrap .gallery-item-buttons > a span:hover{background:#ff622a;color:#fff;border-radius:100px;}.elementor-2 .elementor-element.elementor-element-6d2b706 #eael-fg-no-items-found{text-align:center;color:#858e9a;border-radius:0px;}<\/style>\t\t<div data-elementor-type=\"wp-page\" data-elementor-id=\"2\" class=\"elementor elementor-2\" data-elementor-post-type=\"page\">\n\t\t\t\t\t\t<section class=\"elementor-section elementor-top-section elementor-element elementor-element-3a53789 elementor-section-boxed elementor-section-height-default elementor-section-height-default wpr-particle-no wpr-jarallax-no wpr-parallax-no wpr-sticky-section-no\" data-id=\"3a53789\" data-element_type=\"section\">\n\t\t\t\t\t\t<div class=\"elementor-container elementor-column-gap-default\">\n\t\t\t\t\t<div class=\"elementor-column elementor-col-100 elementor-top-column elementor-element elementor-element-666d0dc\" data-id=\"666d0dc\" data-element_type=\"column\">\n\t\t\t<div class=\"elementor-widget-wrap elementor-element-populated\">\n\t\t\t\t\t\t<div class=\"elementor-element elementor-element-6d2b706 eael-fg-hoverer-content-align-left elementor-widget elementor-widget-eael-filterable-gallery\" data-id=\"6d2b706\" data-element_type=\"widget\" data-widget_type=\"eael-filterable-gallery.default\">\n\t\t\t\t<div class=\"elementor-widget-container\">\n\t\t\t\t\t<style id=\"eael-fg-inline-css-6d2b706\">@media only screen and (max-width: 2399px) {\n\t\t\t\t\t.elementor-element.elementor-element-6d2b706 .eael-filterable-gallery-item-wrap {\n\t\t\t\t\t        width: 20%;\n\t\t\t\t\t    }\n\t\t\t\t\t}@media only screen and (max-width: 1024px) {\n\t\t\t\t\t.elementor-element.elementor-element-6d2b706  .eael-filterable-gallery-item-wrap {\n\t\t\t\t\t        width: 50%;\n\t\t\t\t\t    }\n\t\t\t\t\t}@media only screen and (max-width: 767px) {\n\t\t\t\t\t.elementor-element.elementor-element-6d2b706  .eael-filterable-gallery-item-wrap {\n\t\t\t\t\t        width: 100%;\n\t\t\t\t\t    }\n\t\t\t\t\t}<\/style>        <div id=\"eael-filter-gallery-wrapper-6d2b706\" class=\"eael-filter-gallery-wrapper\" data-layout-mode=\"hoverer\" data-breakpoints=\"{&quot;mobile&quot;:{&quot;label&quot;:&quot;Portrait mobile&quot;,&quot;value&quot;:767,&quot;default_value&quot;:767,&quot;direction&quot;:&quot;max&quot;,&quot;is_enabled&quot;:true},&quot;mobile_extra&quot;:{&quot;label&quot;:&quot;Mobile Paysage&quot;,&quot;value&quot;:880,&quot;default_value&quot;:880,&quot;direction&quot;:&quot;max&quot;,&quot;is_enabled&quot;:false},&quot;tablet&quot;:{&quot;label&quot;:&quot;Tablette en mode portrait&quot;,&quot;value&quot;:1024,&quot;default_value&quot;:1024,&quot;direction&quot;:&quot;max&quot;,&quot;is_enabled&quot;:true},&quot;tablet_extra&quot;:{&quot;label&quot;:&quot;Tablette en mode paysage&quot;,&quot;value&quot;:1200,&quot;default_value&quot;:1200,&quot;direction&quot;:&quot;max&quot;,&quot;is_enabled&quot;:false},&quot;laptop&quot;:{&quot;label&quot;:&quot;Portable&quot;,&quot;value&quot;:1366,&quot;default_value&quot;:1366,&quot;direction&quot;:&quot;max&quot;,&quot;is_enabled&quot;:false},&quot;widescreen&quot;:{&quot;label&quot;:&quot;\\u00c9cran large&quot;,&quot;value&quot;:2400,&quot;default_value&quot;:2400,&quot;direction&quot;:&quot;min&quot;,&quot;is_enabled&quot;:false}}\" data-default_control_key=\"0\" data-custom_default_control=\"\">\n                        <div class=\"eael-filter-gallery-control\">\n                <ul><li data-load-more-status=\"0\" data-first-init=\"1\" class=\"control all-control  active \" data-filter=\"*\">Tous<\/li><li  id=\"rappportsannuels\"  data-load-more-status=\"0\" data-first-init=\"0\"\n                        class=\"control \" data-filter=\".eael-cf-rapports-annuels\">Rapports Annuels<\/li><li  data-load-more-status=\"0\" data-first-init=\"0\"\n                        class=\"control \" data-filter=\".eael-cf-rapports-dapostropheactivit\u00e9s\">Rapports d&#039;Activit\u00e9s<\/li><li  data-load-more-status=\"0\" data-first-init=\"0\"\n                        class=\"control \" data-filter=\".eael-cf-publications\">Publications<\/li><li  data-load-more-status=\"0\" data-first-init=\"0\"\n                        class=\"control \" data-filter=\".eael-cf-autres\">Autres<\/li><\/ul>\n            <\/div>\n                    <div class=\"eael-filter-gallery-container eael-filter-gallery-grid\" data-images-per-page=\"\" data-total-gallery-items=\"5\" data-nomore-item-text=\"\" data-is-randomize=\"no\" data-settings=\"{&quot;grid_style&quot;:&quot;grid&quot;,&quot;popup&quot;:&quot;media&quot;,&quot;duration&quot;:500,&quot;gallery_enabled&quot;:&quot;&quot;,&quot;video_gallery_yt_privacy&quot;:&quot;&quot;,&quot;control_all_text&quot;:&quot;Tous&quot;,&quot;post_id&quot;:2,&quot;widget_id&quot;:&quot;6d2b706&quot;}\" data-search-all=\"\" data-gallery-items=\"WyI8ZGl2IGNsYXNzPVwiZWFlbC1maWx0ZXJhYmxlLWdhbGxlcnktaXRlbS13cmFwIGVhZWwtY2YtcmFwcG9ydHMtYW5udWVsc1wiPlxuXHRcdFx0XHQ8ZGl2IGNsYXNzPVwiZWFlbC1nYWxsZXJ5LWdyaWQtaXRlbVwiPjxkaXYgY2xhc3M9XCJnYWxsZXJ5LWl0ZW0tdGh1bWJuYWlsLXdyYXBcIj48aW1nIHNyYz1cIlwvd3AtY29udGVudFwvdXBsb2Fkc1wvMjAyNFwvMDFcL3JhcHBvcnQtSkVEMjAyMC5wbmdcIiBkYXRhLWxhenktc3JjPVwiXC93cC1jb250ZW50XC91cGxvYWRzXC8yMDI0XC8wMVwvcmFwcG9ydC1KRUQyMDIwLnBuZ1wiIGFsdD1cIlJhcHBvcnQgQW5udWVsIDIwMjBcIiBjbGFzcz1cImdhbGxlcnktaXRlbS10aHVtYm5haWxcIj48XC9kaXY+PGEgYXJlYS1oaWRkZW49XCJ0cnVlXCIgYXJpYS1sYWJlbD1cImVhZWwtbWFnbmlmaWMtbGlua1wiIGhyZWY9XCJcL3dwLWNvbnRlbnRcL3VwbG9hZHNcLzIwMjRcLzAxXC9yYXBwb3J0LUpFRDIwMjAucG5nXCIgY2xhc3M9XCJlYWVsLW1hZ25pZmljLWxpbmsgZWFlbC1tYWduaWZpYy1saW5rLWNsb25lIGFjdGl2ZSBtZWRpYS1jb250ZW50LXdyYXBcIiBkYXRhLWVsZW1lbnRvci1vcGVuLWxpZ2h0Ym94PVwieWVzXCIgdGl0bGU9XCJcIj48ZGl2IGNsYXNzPVwiZ2FsbGVyeS1pdGVtLWNhcHRpb24td3JhcCBjYXB0aW9uLXN0eWxlLWhvdmVyZXIgZWFlbC1zbGlkZS11cFwiPjxkaXYgY2xhc3M9XCJnYWxsZXJ5LWl0ZW0taG92ZXJlci1iZ1wiPjxcL2Rpdj48ZGl2IGNsYXNzPVwiZ2FsbGVyeS1pdGVtLWNhcHRpb24tb3ZlclwiPjxhIGhyZWY9XCJcL3dwLWNvbnRlbnRcL3VwbG9hZHNcLzIwMjNcLzEyXC9yYXBwb3J0LWFubnVlbC0yMDIwLUpFRC5wZGZcIj48aDIgY2xhc3M9XCJmZy1pdGVtLXRpdGxlXCI+UmFwcG9ydCBBbm51ZWwgMjAyMDxcL2gyPjxcL2E+PFwvZGl2PjxcL2Rpdj48XC9hPjxcL2Rpdj48XC9kaXY+IiwiPGRpdiBjbGFzcz1cImVhZWwtZmlsdGVyYWJsZS1nYWxsZXJ5LWl0ZW0td3JhcCBlYWVsLWNmLXJhcHBvcnRzLWFubnVlbHNcIj5cblx0XHRcdFx0PGRpdiBjbGFzcz1cImVhZWwtZ2FsbGVyeS1ncmlkLWl0ZW1cIj48ZGl2IGNsYXNzPVwiZ2FsbGVyeS1pdGVtLXRodW1ibmFpbC13cmFwXCI+PGltZyBzcmM9XCJcL3dwLWNvbnRlbnRcL3VwbG9hZHNcLzIwMjRcLzAxXC9SYXBwb3J0LUpFRC0yMDIxLWUxNzA2MTE0ODM2MTE5LnBuZ1wiIGRhdGEtbGF6eS1zcmM9XCJcL3dwLWNvbnRlbnRcL3VwbG9hZHNcLzIwMjRcLzAxXC9SYXBwb3J0LUpFRC0yMDIxLWUxNzA2MTE0ODM2MTE5LnBuZ1wiIGFsdD1cIlJhcHBvcnQgQW5udWVsICBKRUQgMjAyMVwiIGNsYXNzPVwiZ2FsbGVyeS1pdGVtLXRodW1ibmFpbFwiPjxcL2Rpdj48YSBhcmVhLWhpZGRlbj1cInRydWVcIiBhcmlhLWxhYmVsPVwiZWFlbC1tYWduaWZpYy1saW5rXCIgaHJlZj1cIlwvd3AtY29udGVudFwvdXBsb2Fkc1wvMjAyNFwvMDFcL1JhcHBvcnQtSkVELTIwMjEtZTE3MDYxMTQ4MzYxMTkucG5nXCIgY2xhc3M9XCJlYWVsLW1hZ25pZmljLWxpbmsgZWFlbC1tYWduaWZpYy1saW5rLWNsb25lIGFjdGl2ZSBtZWRpYS1jb250ZW50LXdyYXBcIiBkYXRhLWVsZW1lbnRvci1vcGVuLWxpZ2h0Ym94PVwieWVzXCIgdGl0bGU9XCJcIj48ZGl2IGNsYXNzPVwiZ2FsbGVyeS1pdGVtLWNhcHRpb24td3JhcCBjYXB0aW9uLXN0eWxlLWhvdmVyZXIgZWFlbC1zbGlkZS11cFwiPjxkaXYgY2xhc3M9XCJnYWxsZXJ5LWl0ZW0taG92ZXJlci1iZ1wiPjxcL2Rpdj48ZGl2IGNsYXNzPVwiZ2FsbGVyeS1pdGVtLWNhcHRpb24tb3ZlclwiPjxhIGhyZWY9XCJcL3dwLWNvbnRlbnRcL3VwbG9hZHNcLzIwMjNcLzEyXC9SQVBQT1JULUpFRDIwMjEucGRmXCI+PGgyIGNsYXNzPVwiZmctaXRlbS10aXRsZVwiPlJhcHBvcnQgQW5udWVsICBKRUQgMjAyMTxcL2gyPjxcL2E+PGRpdiBjbGFzcz1cImZnLWl0ZW0tY29udGVudFwiPjxkaXYgaWQ9XCJzaW1wbGUtdHJhbnNsYXRlXCIgY2xhc3M9XCJzaW1wbGUtdHJhbnNsYXRlLWxpZ2h0LXRoZW1lXCI+XG48ZGl2PlxuPGRpdiBjbGFzcz1cInNpbXBsZS10cmFuc2xhdGUtYnV0dG9uIGlzU2hvd1wiIHN0eWxlPVwiYmFja2dyb3VuZC1pbWFnZTogdXJsKCdjaHJvbWUtZXh0ZW5zaW9uOlwvXC9jbGxub2hwYmZlbm9waWFrZGNqbWpjYmFlYXBta2NkbFwvaWNvbnNcLzUxMi5wbmcnKTsgaGVpZ2h0OiAyMnB4OyB3aWR0aDogMjJweDsgdG9wOiAxMXB4OyBsZWZ0OiAtMzFweDtcIj5cdTAwYTA8XC9kaXY+XG48ZGl2IGNsYXNzPVwic2ltcGxlLXRyYW5zbGF0ZS1wYW5lbCBcIiBzdHlsZT1cIndpZHRoOiAzMDBweDsgaGVpZ2h0OiAyMDBweDsgdG9wOiAwcHg7IGxlZnQ6IDBweDsgZm9udC1zaXplOiAxM3B4O1wiPlxuPGRpdiBjbGFzcz1cInNpbXBsZS10cmFuc2xhdGUtcmVzdWx0LXdyYXBwZXJcIiBzdHlsZT1cIm92ZXJmbG93OiBoaWRkZW47XCI+XG48ZGl2IGNsYXNzPVwic2ltcGxlLXRyYW5zbGF0ZS1tb3ZlXCIgZHJhZ2dhYmxlPVwidHJ1ZVwiPlx1MDBhMDxcL2Rpdj5cbjxkaXYgY2xhc3M9XCJzaW1wbGUtdHJhbnNsYXRlLXJlc3VsdC1jb250ZW50c1wiPlxuPHAgY2xhc3M9XCJzaW1wbGUtdHJhbnNsYXRlLWNhbmRpZGF0ZVwiIGRpcj1cImF1dG9cIj5cdTAwYTA8XC9wPlxuPFwvZGl2PlxuPFwvZGl2PlxuPFwvZGl2PlxuPFwvZGl2PlxuPFwvZGl2PlxuPFwvZGl2PjxcL2Rpdj48XC9kaXY+PFwvYT48XC9kaXY+PFwvZGl2PiIsIjxkaXYgY2xhc3M9XCJlYWVsLWZpbHRlcmFibGUtZ2FsbGVyeS1pdGVtLXdyYXAgZWFlbC1jZi1yYXBwb3J0cy1kYXBvc3Ryb3BoZWFjdGl2aXRcdTAwZTlzXCI+XG5cdFx0XHRcdDxkaXYgY2xhc3M9XCJlYWVsLWdhbGxlcnktZ3JpZC1pdGVtXCI+PGRpdiBjbGFzcz1cImdhbGxlcnktaXRlbS10aHVtYm5haWwtd3JhcFwiPjxpbWcgc3JjPVwiXC93cC1jb250ZW50XC91cGxvYWRzXC8yMDI0XC8wMVwvU2Fucy10aXRyZS00LWUxNjkwNTM5MTYwOTUzLnBuZ1wiIGRhdGEtbGF6eS1zcmM9XCJcL3dwLWNvbnRlbnRcL3VwbG9hZHNcLzIwMjRcLzAxXC9TYW5zLXRpdHJlLTQtZTE2OTA1MzkxNjA5NTMucG5nXCIgYWx0PVwiUmFwcG9ydCA0M2UgQXNzZW1ibFx1MDBlOWUgIEdcdTAwZTluXHUwMGU5cmFsZSBEZXMgRUVEU1wiIGNsYXNzPVwiZ2FsbGVyeS1pdGVtLXRodW1ibmFpbFwiPjxcL2Rpdj48YSBhcmVhLWhpZGRlbj1cInRydWVcIiBhcmlhLWxhYmVsPVwiZWFlbC1tYWduaWZpYy1saW5rXCIgaHJlZj1cIlwvd3AtY29udGVudFwvdXBsb2Fkc1wvMjAyNFwvMDFcL1NhbnMtdGl0cmUtNC1lMTY5MDUzOTE2MDk1My5wbmdcIiBjbGFzcz1cImVhZWwtbWFnbmlmaWMtbGluayBlYWVsLW1hZ25pZmljLWxpbmstY2xvbmUgYWN0aXZlIG1lZGlhLWNvbnRlbnQtd3JhcFwiIGRhdGEtZWxlbWVudG9yLW9wZW4tbGlnaHRib3g9XCJ5ZXNcIiB0aXRsZT1cIlwiPjxkaXYgY2xhc3M9XCJnYWxsZXJ5LWl0ZW0tY2FwdGlvbi13cmFwIGNhcHRpb24tc3R5bGUtaG92ZXJlciBlYWVsLXNsaWRlLXVwXCI+PGRpdiBjbGFzcz1cImdhbGxlcnktaXRlbS1ob3ZlcmVyLWJnXCI+PFwvZGl2PjxkaXYgY2xhc3M9XCJnYWxsZXJ5LWl0ZW0tY2FwdGlvbi1vdmVyXCI+PGEgaHJlZj1cIlwvd3AtY29udGVudFwvdXBsb2Fkc1wvMjAyNFwvMDFcL1JhcHBvcnQtSkVELTQzZS1BRy1FRURTLnBkZlwiIHRhcmdldD1cIl9ibGFua1wiPjxoMiBjbGFzcz1cImZnLWl0ZW0tdGl0bGVcIj5SYXBwb3J0IDQzZSBBc3NlbWJsXHUwMGU5ZSAgR1x1MDBlOW5cdTAwZTlyYWxlIERlcyBFRURTPFwvaDI+PFwvYT48XC9kaXY+PFwvZGl2PjxcL2E+PFwvZGl2PjxcL2Rpdj4iLCI8ZGl2IGNsYXNzPVwiZWFlbC1maWx0ZXJhYmxlLWdhbGxlcnktaXRlbS13cmFwIGVhZWwtY2YtYXV0cmVzXCI+XG5cdFx0XHRcdDxkaXYgY2xhc3M9XCJlYWVsLWdhbGxlcnktZ3JpZC1pdGVtXCI+PGRpdiBjbGFzcz1cImdhbGxlcnktaXRlbS10aHVtYm5haWwtd3JhcFwiPjxpbWcgc3JjPVwiXC93cC1jb250ZW50XC91cGxvYWRzXC8yMDI1XC8wN1wvQ2FwdHVyZS1kZVx1MDMwMWNyYW4tMjAyNS0wNy0wMy1hXHUwMzAwLTEwLjE4LjE4LTQucG5nXCIgZGF0YS1sYXp5LXNyYz1cIlwvd3AtY29udGVudFwvdXBsb2Fkc1wvMjAyNVwvMDdcL0NhcHR1cmUtZGVcdTAzMDFjcmFuLTIwMjUtMDctMDMtYVx1MDMwMC0xMC4xOC4xOC00LnBuZ1wiIGFsdD1cIlBsYW4gc3RyYXRcdTAwZTlnaXF1ZSAyMDI1IC0gMjAzMCAoRnJhblx1MDBlN2FpcylcIiBjbGFzcz1cImdhbGxlcnktaXRlbS10aHVtYm5haWxcIj48XC9kaXY+PGEgYXJlYS1oaWRkZW49XCJ0cnVlXCIgYXJpYS1sYWJlbD1cImVhZWwtbWFnbmlmaWMtbGlua1wiIGhyZWY9XCJcL3dwLWNvbnRlbnRcL3VwbG9hZHNcLzIwMjVcLzA3XC9DYXB0dXJlLWRlXHUwMzAxY3Jhbi0yMDI1LTA3LTAzLWFcdTAzMDAtMTAuMTguMTgtNC5wbmdcIiBjbGFzcz1cImVhZWwtbWFnbmlmaWMtbGluayBlYWVsLW1hZ25pZmljLWxpbmstY2xvbmUgYWN0aXZlIG1lZGlhLWNvbnRlbnQtd3JhcFwiIGRhdGEtZWxlbWVudG9yLW9wZW4tbGlnaHRib3g9XCJ5ZXNcIiB0aXRsZT1cIlwiPjxkaXYgY2xhc3M9XCJnYWxsZXJ5LWl0ZW0tY2FwdGlvbi13cmFwIGNhcHRpb24tc3R5bGUtaG92ZXJlciBlYWVsLXNsaWRlLXVwXCI+PGRpdiBjbGFzcz1cImdhbGxlcnktaXRlbS1ob3ZlcmVyLWJnXCI+PFwvZGl2PjxkaXYgY2xhc3M9XCJnYWxsZXJ5LWl0ZW0tY2FwdGlvbi1vdmVyXCI+PGEgaHJlZj1cImh0dHBzOlwvXC9kb2NzLmdvb2dsZS5jb21cL2RvY3VtZW50XC9kXC9lXC8yUEFDWC0xdlNlRVdUR0dsby16dlBsNC1qZ3hJT1BGUk9wMWp0a3hnUUFjb0VRM3h4U2RIdGZSbTl1cndJdWxGMUtXb29QRWw0bzhLUFRHS1pVSFFHX1wvcHViXCIgdGFyZ2V0PVwiX2JsYW5rXCI+PGgyIGNsYXNzPVwiZmctaXRlbS10aXRsZVwiPlBsYW4gc3RyYXRcdTAwZTlnaXF1ZSAyMDI1IC0gMjAzMCAoRnJhblx1MDBlN2Fpcyk8XC9oMj48XC9hPjxcL2Rpdj48XC9kaXY+PFwvYT48XC9kaXY+PFwvZGl2PiIsIjxkaXYgY2xhc3M9XCJlYWVsLWZpbHRlcmFibGUtZ2FsbGVyeS1pdGVtLXdyYXAgZWFlbC1jZi1hdXRyZXNcIj5cblx0XHRcdFx0PGRpdiBjbGFzcz1cImVhZWwtZ2FsbGVyeS1ncmlkLWl0ZW1cIj48ZGl2IGNsYXNzPVwiZ2FsbGVyeS1pdGVtLXRodW1ibmFpbC13cmFwXCI+PGltZyBzcmM9XCJcL3dwLWNvbnRlbnRcL3VwbG9hZHNcLzIwMjVcLzA3XC9DYXB0dXJlLWRlXHUwMzAxY3Jhbi0yMDI1LTA3LTE2LWFcdTAzMDAtMDkuNDUuMzMucG5nXCIgZGF0YS1sYXp5LXNyYz1cIlwvd3AtY29udGVudFwvdXBsb2Fkc1wvMjAyNVwvMDdcL0NhcHR1cmUtZGVcdTAzMDFjcmFuLTIwMjUtMDctMTYtYVx1MDMwMC0wOS40NS4zMy5wbmdcIiBhbHQ9XCJQbGFuIHN0cmF0XHUwMGU5Z2lxdWUgMjAyNSAtIDIwMzAgKEFuZ2xhaXMpXCIgY2xhc3M9XCJnYWxsZXJ5LWl0ZW0tdGh1bWJuYWlsXCI+PFwvZGl2PjxhIGFyZWEtaGlkZGVuPVwidHJ1ZVwiIGFyaWEtbGFiZWw9XCJlYWVsLW1hZ25pZmljLWxpbmtcIiBocmVmPVwiXC93cC1jb250ZW50XC91cGxvYWRzXC8yMDI1XC8wN1wvQ2FwdHVyZS1kZVx1MDMwMWNyYW4tMjAyNS0wNy0xNi1hXHUwMzAwLTA5LjQ1LjMzLnBuZ1wiIGNsYXNzPVwiZWFlbC1tYWduaWZpYy1saW5rIGVhZWwtbWFnbmlmaWMtbGluay1jbG9uZSBhY3RpdmUgbWVkaWEtY29udGVudC13cmFwXCIgZGF0YS1lbGVtZW50b3Itb3Blbi1saWdodGJveD1cInllc1wiIHRpdGxlPVwiXCI+PGRpdiBjbGFzcz1cImdhbGxlcnktaXRlbS1jYXB0aW9uLXdyYXAgY2FwdGlvbi1zdHlsZS1ob3ZlcmVyIGVhZWwtc2xpZGUtdXBcIj48ZGl2IGNsYXNzPVwiZ2FsbGVyeS1pdGVtLWhvdmVyZXItYmdcIj48XC9kaXY+PGRpdiBjbGFzcz1cImdhbGxlcnktaXRlbS1jYXB0aW9uLW92ZXJcIj48YSBocmVmPVwiaHR0cHM6XC9cL2RvY3MuZ29vZ2xlLmNvbVwvZG9jdW1lbnRcL2RcL2VcLzJQQUNYLTF2U2VFV1RHR2xvLXp2UGw0LWpneElPUEZST3AxanRreGdRQWNvRVEzeHhTZEh0ZlJtOXVyd0l1bEYxS1dvb1BFbDRvOEtQVEdLWlVIUUdfXC9wdWJcIiB0YXJnZXQ9XCJfYmxhbmtcIj48aDIgY2xhc3M9XCJmZy1pdGVtLXRpdGxlXCI+UGxhbiBzdHJhdFx1MDBlOWdpcXVlIDIwMjUgLSAyMDMwIChBbmdsYWlzKTxcL2gyPjxcL2E+PFwvZGl2PjxcL2Rpdj48XC9hPjxcL2Rpdj48XC9kaXY+Il0=\" data-init-show=\"10\">\n            <div class=\"eael-filterable-gallery-item-wrap eael-cf-rapports-annuels\">\n\t\t\t\t<div class=\"eael-gallery-grid-item\"><div class=\"gallery-item-thumbnail-wrap\"><img decoding=\"async\" src=\"\/wp-content\/uploads\/2024\/01\/rapport-JED2020.png\" data-lazy-src=\"\/wp-content\/uploads\/2024\/01\/rapport-JED2020.png\" alt=\"Rapport Annuel 2020\" class=\"gallery-item-thumbnail\"><\/div><a area-hidden=\"true\" aria-label=\"eael-magnific-link\" href=\"\/wp-content\/uploads\/2024\/01\/rapport-JED2020.png\" class=\"eael-magnific-link eael-magnific-link-clone active media-content-wrap\" data-elementor-open-lightbox=\"yes\" title=\"\"><div class=\"gallery-item-caption-wrap caption-style-hoverer eael-slide-up\"><div class=\"gallery-item-hoverer-bg\"><\/div><div class=\"gallery-item-caption-over\"><a href=\"\/wp-content\/uploads\/2023\/12\/rapport-annuel-2020-JED.pdf\"><h2 class=\"fg-item-title\">Rapport Annuel 2020<\/h2><\/a><\/div><\/div><\/a><\/div><\/div><div class=\"eael-filterable-gallery-item-wrap eael-cf-rapports-annuels\">\n\t\t\t\t<div class=\"eael-gallery-grid-item\"><div class=\"gallery-item-thumbnail-wrap\"><img decoding=\"async\" src=\"\/wp-content\/uploads\/2024\/01\/Rapport-JED-2021-e1706114836119.png\" data-lazy-src=\"\/wp-content\/uploads\/2024\/01\/Rapport-JED-2021-e1706114836119.png\" alt=\"Rapport Annuel  JED 2021\" class=\"gallery-item-thumbnail\"><\/div><a area-hidden=\"true\" aria-label=\"eael-magnific-link\" href=\"\/wp-content\/uploads\/2024\/01\/Rapport-JED-2021-e1706114836119.png\" class=\"eael-magnific-link eael-magnific-link-clone active media-content-wrap\" data-elementor-open-lightbox=\"yes\" title=\"\"><div class=\"gallery-item-caption-wrap caption-style-hoverer eael-slide-up\"><div class=\"gallery-item-hoverer-bg\"><\/div><div class=\"gallery-item-caption-over\"><a href=\"\/wp-content\/uploads\/2023\/12\/RAPPORT-JED2021.pdf\"><h2 class=\"fg-item-title\">Rapport Annuel  JED 2021<\/h2><\/a><div class=\"fg-item-content\"><div id=\"simple-translate\" class=\"simple-translate-light-theme\">\n<div>\n<div class=\"simple-translate-button isShow\" style=\"background-image: url('chrome-extension:\/\/cllnohpbfenopiakdcjmjcbaeapmkcdl\/icons\/512.png'); height: 22px; width: 22px; top: 11px; left: -31px;\">\u00a0<\/div>\n<div class=\"simple-translate-panel \" style=\"width: 300px; height: 200px; top: 0px; left: 0px; font-size: 13px;\">\n<div class=\"simple-translate-result-wrapper\" style=\"overflow: hidden;\">\n<div class=\"simple-translate-move\" draggable=\"true\">\u00a0<\/div>\n<div class=\"simple-translate-result-contents\">\n<p class=\"simple-translate-candidate\" dir=\"auto\">\u00a0<\/p>\n<\/div>\n<\/div>\n<\/div>\n<\/div>\n<\/div>\n<\/div><\/div><\/div><\/a><\/div><\/div><div class=\"eael-filterable-gallery-item-wrap eael-cf-rapports-dapostropheactivit\u00e9s\">\n\t\t\t\t<div class=\"eael-gallery-grid-item\"><div class=\"gallery-item-thumbnail-wrap\"><img decoding=\"async\" src=\"\/wp-content\/uploads\/2024\/01\/Sans-titre-4-e1690539160953.png\" data-lazy-src=\"\/wp-content\/uploads\/2024\/01\/Sans-titre-4-e1690539160953.png\" alt=\"Rapport 43e Assembl\u00e9e  G\u00e9n\u00e9rale Des EEDS\" class=\"gallery-item-thumbnail\"><\/div><a area-hidden=\"true\" aria-label=\"eael-magnific-link\" href=\"\/wp-content\/uploads\/2024\/01\/Sans-titre-4-e1690539160953.png\" class=\"eael-magnific-link eael-magnific-link-clone active media-content-wrap\" data-elementor-open-lightbox=\"yes\" title=\"\"><div class=\"gallery-item-caption-wrap caption-style-hoverer eael-slide-up\"><div class=\"gallery-item-hoverer-bg\"><\/div><div class=\"gallery-item-caption-over\"><a href=\"\/wp-content\/uploads\/2024\/01\/Rapport-JED-43e-AG-EEDS.pdf\" target=\"_blank\"><h2 class=\"fg-item-title\">Rapport 43e Assembl\u00e9e  G\u00e9n\u00e9rale Des EEDS<\/h2><\/a><\/div><\/div><\/a><\/div><\/div><div class=\"eael-filterable-gallery-item-wrap eael-cf-autres\">\n\t\t\t\t<div class=\"eael-gallery-grid-item\"><div class=\"gallery-item-thumbnail-wrap\"><img decoding=\"async\" src=\"\/wp-content\/uploads\/2025\/07\/Capture-de\u0301cran-2025-07-03-a\u0300-10.18.18-4.png\" data-lazy-src=\"\/wp-content\/uploads\/2025\/07\/Capture-de\u0301cran-2025-07-03-a\u0300-10.18.18-4.png\" alt=\"Plan strat\u00e9gique 2025 - 2030 (Fran\u00e7ais)\" class=\"gallery-item-thumbnail\"><\/div><a area-hidden=\"true\" aria-label=\"eael-magnific-link\" href=\"\/wp-content\/uploads\/2025\/07\/Capture-de\u0301cran-2025-07-03-a\u0300-10.18.18-4.png\" class=\"eael-magnific-link eael-magnific-link-clone active media-content-wrap\" data-elementor-open-lightbox=\"yes\" title=\"\"><div class=\"gallery-item-caption-wrap caption-style-hoverer eael-slide-up\"><div class=\"gallery-item-hoverer-bg\"><\/div><div class=\"gallery-item-caption-over\"><a href=\"https:\/\/docs.google.com\/document\/d\/e\/2PACX-1vSeEWTGGlo-zvPl4-jgxIOPFROp1jtkxgQAcoEQ3xxSdHtfRm9urwIulF1KWooPEl4o8KPTGKZUHQG_\/pub\" target=\"_blank\"><h2 class=\"fg-item-title\">Plan strat\u00e9gique 2025 - 2030 (Fran\u00e7ais)<\/h2><\/a><\/div><\/div><\/a><\/div><\/div><div class=\"eael-filterable-gallery-item-wrap eael-cf-autres\">\n\t\t\t\t<div class=\"eael-gallery-grid-item\"><div class=\"gallery-item-thumbnail-wrap\"><img decoding=\"async\" src=\"\/wp-content\/uploads\/2025\/07\/Capture-de\u0301cran-2025-07-16-a\u0300-09.45.33.png\" data-lazy-src=\"\/wp-content\/uploads\/2025\/07\/Capture-de\u0301cran-2025-07-16-a\u0300-09.45.33.png\" alt=\"Plan strat\u00e9gique 2025 - 2030 (Anglais)\" class=\"gallery-item-thumbnail\"><\/div><a area-hidden=\"true\" aria-label=\"eael-magnific-link\" href=\"\/wp-content\/uploads\/2025\/07\/Capture-de\u0301cran-2025-07-16-a\u0300-09.45.33.png\" class=\"eael-magnific-link eael-magnific-link-clone active media-content-wrap\" data-elementor-open-lightbox=\"yes\" title=\"\"><div class=\"gallery-item-caption-wrap caption-style-hoverer eael-slide-up\"><div class=\"gallery-item-hoverer-bg\"><\/div><div class=\"gallery-item-caption-over\"><a href=\"https:\/\/docs.google.com\/document\/d\/e\/2PACX-1vSeEWTGGlo-zvPl4-jgxIOPFROp1jtkxgQAcoEQ3xxSdHtfRm9urwIulF1KWooPEl4o8KPTGKZUHQG_\/pub\" target=\"_blank\"><h2 class=\"fg-item-title\">Plan strat\u00e9gique 2025 - 2030 (Anglais)<\/h2><\/a><\/div><\/div><\/a><\/div><\/div>        <\/div>\n                <\/div>\n        \n        \t\t\t\t<\/div>\n\t\t\t\t<\/div>\n\t\t\t\t\t<\/div>\n\t\t<\/div>\n\t\t\t\t\t<\/div>\n\t\t<\/section>\n\t\t\t\t<\/div>\n\t\t\n    <div class=\"xs_social_share_widget xs_share_url after_content \t\tmain_content  wslu-style-1 wslu-share-box-shaped wslu-fill-colored wslu-none wslu-share-horizontal wslu-theme-font-no wslu-main_content\">\n\n\t\t\n        <ul>\n\t\t\t        <\/ul>\n    <\/div> \n","protected":false},"excerpt":{"rendered":"<p>Tous Rapports Annuels Rapports d&#039;Activit\u00e9s Publications Autres Rapport Annuel 2020 Rapport Annuel JED 2021 \u00a0 \u00a0 \u00a0 Rapport 43e Assembl\u00e9e G\u00e9n\u00e9rale Des EEDS Plan strat\u00e9gique 2025 &#8211; 2030 (Fran\u00e7ais) Plan strat\u00e9gique 2025 &#8211; 2030 (Anglais)<\/p>\n","protected":false},"author":1,"featured_media":3139,"parent":0,"menu_order":0,"comment_status":"closed","ping_status":"open","template":"","meta":{"give_campaign_id":0,"_eb_attr":"","footnotes":""},"class_list":["post-2","page","type-page","status-publish","has-post-thumbnail","hentry"],"campaignId":"","_links":{"self":[{"href":"https:\/\/www.jed.sn\/index.php?rest_route=\/wp\/v2\/pages\/2","targetHints":{"allow":["GET"]}}],"collection":[{"href":"https:\/\/www.jed.sn\/index.php?rest_route=\/wp\/v2\/pages"}],"about":[{"href":"https:\/\/www.jed.sn\/index.php?rest_route=\/wp\/v2\/types\/page"}],"author":[{"embeddable":true,"href":"https:\/\/www.jed.sn\/index.php?rest_route=\/wp\/v2\/users\/1"}],"replies":[{"embeddable":true,"href":"https:\/\/www.jed.sn\/index.php?rest_route=%2Fwp%2Fv2%2Fcomments&post=2"}],"version-history":[{"count":31,"href":"https:\/\/www.jed.sn\/index.php?rest_route=\/wp\/v2\/pages\/2\/revisions"}],"predecessor-version":[{"id":4836,"href":"https:\/\/www.jed.sn\/index.php?rest_route=\/wp\/v2\/pages\/2\/revisions\/4836"}],"wp:featuredmedia":[{"embeddable":true,"href":"https:\/\/www.jed.sn\/index.php?rest_route=\/wp\/v2\/media\/3139"}],"wp:attachment":[{"href":"https:\/\/www.jed.sn\/index.php?rest_route=%2Fwp%2Fv2%2Fmedia&parent=2"}],"curies":[{"name":"wp","href":"https:\/\/api.w.org\/{rel}","templated":true}]}}