{"id":2193,"date":"2020-03-25T03:32:27","date_gmt":"2020-03-25T03:32:27","guid":{"rendered":"https:\/\/helpocharity.artureanec.com\/?page_id=22"},"modified":"2025-07-16T11:23:00","modified_gmt":"2025-07-16T11:23:00","slug":"projets","status":"publish","type":"page","link":"https:\/\/www.jed.sn\/?page_id=2193","title":{"rendered":"Projets et R\u00e9alisations"},"content":{"rendered":"<style>.elementor-2193 .elementor-element.elementor-element-1f9ae7b0:not(.elementor-motion-effects-element-type-background), .elementor-2193 .elementor-element.elementor-element-1f9ae7b0 > .elementor-motion-effects-container > .elementor-motion-effects-layer{background-color:#F9F7F6;}.elementor-2193 .elementor-element.elementor-element-1f9ae7b0{transition:background 0.3s, border 0.3s, border-radius 0.3s, box-shadow 0.3s;padding:20px 0px 20px 0px;}.elementor-2193 .elementor-element.elementor-element-1f9ae7b0 > .elementor-background-overlay{transition:background 0.3s, border-radius 0.3s, opacity 0.3s;}body:not(.rtl) .elementor-2193 .elementor-element.elementor-element-1f9ae7b0.drdt_sticky_fixed{left:0px;}body.rtl .elementor-2193 .elementor-element.elementor-element-1f9ae7b0.drdt_sticky_fixed{right:0px;}.elementor-2193 .elementor-element.elementor-element-1f9ae7b0.drdt_sticky_fixed{top:0px;z-index:5;}.elementor-2193 .elementor-element.elementor-element-1104d69d .helpo_post_title{font-family:\"Plus Jakarta Sans\", Sans-serif;font-weight:800;}.elementor-2193 .elementor-element.elementor-element-1104d69d .helpo_category_container{background:#54348A;}@media(max-width:1024px){.elementor-2193 .elementor-element.elementor-element-1f9ae7b0{padding:80px 0px 50px 0px;}}@media(max-width:767px){.elementor-2193 .elementor-element.elementor-element-1f9ae7b0{padding:72px 0px 60px 0px;}.elementor-2193 .elementor-element.elementor-element-3e1172b6 > .elementor-element-populated{padding:10px 15px 10px 15px;}}<\/style>\t\t<div data-elementor-type=\"wp-page\" data-elementor-id=\"2193\" class=\"elementor elementor-2193\" data-elementor-post-type=\"page\">\n\t\t\t\t\t\t<section class=\"elementor-section elementor-top-section elementor-element elementor-element-1f9ae7b0 elementor-section-stretched elementor-section-boxed elementor-section-height-default elementor-section-height-default wpr-particle-no wpr-jarallax-no wpr-parallax-no wpr-sticky-section-no\" data-id=\"1f9ae7b0\" data-element_type=\"section\" data-settings=\"{&quot;stretch_section&quot;:&quot;section-stretched&quot;,&quot;background_background&quot;:&quot;classic&quot;}\">\n\t\t\t\t\t\t<div class=\"elementor-container elementor-column-gap-default\">\n\t\t\t\t\t<div class=\"elementor-column elementor-col-100 elementor-top-column elementor-element elementor-element-3e1172b6\" data-id=\"3e1172b6\" data-element_type=\"column\">\n\t\t\t<div class=\"elementor-widget-wrap elementor-element-populated\">\n\t\t\t\t\t\t<div class=\"elementor-element elementor-element-1104d69d elementor-widget elementor-widget-helpo_causes_listing\" data-id=\"1104d69d\" data-element_type=\"widget\" data-widget_type=\"helpo_causes_listing.default\">\n\t\t\t\t<div class=\"elementor-widget-container\">\n\t\t\t\t\t\n        <div class=\"helpo_causes_listing_widget\">\n            <div class=\"helpo_causes_listing_wrapper helpo_view_type_3 \">\n                \n                    <div class=\"helpo_causes_list_item\">\n                        <div class=\"helpo_causes_list_wrapper\">\n                                                            <div class=\"row align-items-center\">\n                                    <div class=\"col-lg-5 col-xl-4\">\n                                        <div class=\"helpo_featured_image_container\">\n                                            <img decoding=\"async\" src=\"https:\/\/www.jed.sn\/wp-content\/uploads\/2020\/03\/578B3247-scaled-350x260.jpg\" alt=\"\" \/>\n                                        <\/div>\n                                    <\/div>\n\n                                    <div class=\"col-lg-7 col-xl-8\">\n                                        <div class=\"helpo_causes_content_container\">\n                                            <div class=\"helpo_category_container\">\n                                        <span class=\"helpo_category\">Education<\/span>\n                                    <\/div>\n\n                                            <h6 class=\"helpo_post_title\">\n                                                <a href=\"https:\/\/www.jed.sn\/?helpo-causes=etre-comme-les-autres-et-pour-toujours-eclat-duplicate-1\">ECLAT Inclusion<\/a>\n                                            <\/h6>\n\n                                            <p class=\"helpo_post_excerpt\">Am\u00e9liorer les conditions de vie et d&#039;apprentissage des enfants talib\u00e9s. Contribuer \u00e0 la lutte contre les VBG et les MGF.<\/p>\n\n                                            \n                                            <div class=\"helpo_donate_button_container\">\n                                                <a href=\"https:\/\/www.jed.sn\/?helpo-causes=etre-comme-les-autres-et-pour-toujours-eclat-duplicate-1\" class=\"helpo_donate_popup_button\">en savoir plus<\/a>\n                                            <\/div>\n                                        <\/div>\n                                    <\/div>\n                                <\/div>\n                                                        <\/div>\n                    <\/div>\n                    \n                    <div class=\"helpo_causes_list_item\">\n                        <div class=\"helpo_causes_list_wrapper\">\n                                                            <div class=\"row align-items-center\">\n                                    <div class=\"col-lg-5 col-xl-4\">\n                                        <div class=\"helpo_featured_image_container\">\n                                            <img decoding=\"async\" src=\"https:\/\/www.jed.sn\/wp-content\/uploads\/2023\/12\/578B3558-scaled-e1752010423722-350x260.jpg\" alt=\"\" \/>\n                                        <\/div>\n                                    <\/div>\n\n                                    <div class=\"col-lg-7 col-xl-8\">\n                                        <div class=\"helpo_causes_content_container\">\n                                            <div class=\"helpo_category_container\">\n                                        <span class=\"helpo_category\">Plaidoyer<\/span>\n                                    <\/div>\n\n                                            <h6 class=\"helpo_post_title\">\n                                                <a href=\"https:\/\/www.jed.sn\/?helpo-causes=niayesfm\">Niayes FM &#8211; \u00ab\u00a0La Voix du D\u00e9veloppement\u00a0\u00bb<\/a>\n                                            <\/h6>\n\n                                            <p class=\"helpo_post_excerpt\">La radio communautaire Niayes FM a pour but de sensibilisation de la population locale \u00e0 diff\u00e9rentes th\u00e9matiques li\u00e9es \u00e0 l\u2019\u00e9ducation et au d\u00e9veloppement communautaire.<\/p>\n\n                                            \n                                            <div class=\"helpo_donate_button_container\">\n                                                <a href=\"https:\/\/www.jed.sn\/?helpo-causes=niayesfm\" class=\"helpo_donate_popup_button\">en savoir plus<\/a>\n                                            <\/div>\n                                        <\/div>\n                                    <\/div>\n                                <\/div>\n                                                        <\/div>\n                    <\/div>\n                    \n                    <div class=\"helpo_causes_list_item\">\n                        <div class=\"helpo_causes_list_wrapper\">\n                                                            <div class=\"row align-items-center\">\n                                    <div class=\"col-lg-5 col-xl-4\">\n                                        <div class=\"helpo_featured_image_container\">\n                                            <img decoding=\"async\" src=\"https:\/\/www.jed.sn\/wp-content\/uploads\/2020\/03\/WhatsApp-Image-2023-12-05-a-13.50.16_21733cfd-350x260.jpg\" alt=\"\" \/>\n                                        <\/div>\n                                    <\/div>\n\n                                    <div class=\"col-lg-7 col-xl-8\">\n                                        <div class=\"helpo_causes_content_container\">\n                                            <div class=\"helpo_category_container\">\n                                        <span class=\"helpo_category\">Education<\/span>\n                                    <\/div>\n\n                                            <h6 class=\"helpo_post_title\">\n                                                <a href=\"https:\/\/www.jed.sn\/?helpo-causes=jeunesvigie\">JEUNES EN VIGIE<\/a>\n                                            <\/h6>\n\n                                            <p class=\"helpo_post_excerpt\"><\/p>\n\n                                            \n                                            <div class=\"helpo_donate_button_container\">\n                                                <a href=\"https:\/\/www.jed.sn\/?helpo-causes=jeunesvigie\" class=\"helpo_donate_popup_button\">en savoir plus<\/a>\n                                            <\/div>\n                                        <\/div>\n                                    <\/div>\n                                <\/div>\n                                                        <\/div>\n                    <\/div>\n                    \n                    <div class=\"helpo_causes_list_item\">\n                        <div class=\"helpo_causes_list_wrapper\">\n                                                            <div class=\"row align-items-center\">\n                                    <div class=\"col-lg-5 col-xl-4\">\n                                        <div class=\"helpo_featured_image_container\">\n                                            <img decoding=\"async\" src=\"https:\/\/www.jed.sn\/wp-content\/uploads\/2023\/12\/KH9B4068-scaled-350x260.jpg\" alt=\"\" \/>\n                                        <\/div>\n                                    <\/div>\n\n                                    <div class=\"col-lg-7 col-xl-8\">\n                                        <div class=\"helpo_causes_content_container\">\n                                            <div class=\"helpo_category_container\">\n                                        <span class=\"helpo_category\">Sant\u00e9<\/span>\n                                    <\/div>\n\n                                            <h6 class=\"helpo_post_title\">\n                                                <a href=\"https:\/\/www.jed.sn\/?helpo-causes=werguyaram\">Wergu Yaram &#8211; Dakar<\/a>\n                                            <\/h6>\n\n                                            <p class=\"helpo_post_excerpt\">Mise en place d\u2019un dispositif pour faciliter l\u2019acc\u00e8s aux services de sant\u00e9 de proximit\u00e9, associ\u00e9s aux soins de sant\u00e9 primaires, en misant sur la pr\u00e9vention et la participation comm<\/p>\n\n                                            \n                                            <div class=\"helpo_donate_button_container\">\n                                                <a href=\"https:\/\/www.jed.sn\/?helpo-causes=werguyaram\" class=\"helpo_donate_popup_button\">en savoir plus<\/a>\n                                            <\/div>\n                                        <\/div>\n                                    <\/div>\n                                <\/div>\n                                                        <\/div>\n                    <\/div>\n                                <\/div>\n\n                            <div class=\"helpo_pagination\">\n                    \n\t<nav class=\"navigation pagination\" aria-label=\"Pagination des publications\">\n\t\t<h2 class=\"screen-reader-text\">Pagination des publications<\/h2>\n\t\t<div class=\"nav-links\"><span aria-current=\"page\" class=\"page-numbers current\">1<\/span>\n<a class=\"page-numbers\" href=\"https:\/\/www.jed.sn\/index.php\/?paged=2\">2<\/a>\n<span class=\"page-numbers dots\">\u2026<\/span>\n<a class=\"page-numbers\" href=\"https:\/\/www.jed.sn\/index.php\/?paged=4\">4<\/a>\n<a class=\"next page-numbers\" href=\"https:\/\/www.jed.sn\/index.php\/?paged=2\">Next<i class=\"fa fa-angle-right\" aria-hidden=\"true\"><\/i><\/a><\/div>\n\t<\/nav>                <\/div>\n                        <\/div>\n        \t\t\t\t<\/div>\n\t\t\t\t<\/div>\n\t\t\t\t\t<\/div>\n\t\t<\/div>\n\t\t\t\t\t<\/div>\n\t\t<\/section>\n\t\t\t\t<\/div>\n\t\t\n    <div class=\"xs_social_share_widget xs_share_url after_content \t\tmain_content  wslu-style-1 wslu-share-box-shaped wslu-fill-colored wslu-none wslu-share-horizontal wslu-theme-font-no wslu-main_content\">\n\n\t\t\n        <ul>\n\t\t\t        <\/ul>\n    <\/div> \n","protected":false},"excerpt":{"rendered":"","protected":false},"author":1,"featured_media":4658,"parent":0,"menu_order":0,"comment_status":"closed","ping_status":"closed","template":"","meta":{"give_campaign_id":0,"_eb_attr":"","footnotes":""},"class_list":["post-2193","page","type-page","status-publish","has-post-thumbnail","hentry","fbv_pt_tax_page-jed-site"],"campaignId":"","_links":{"self":[{"href":"https:\/\/www.jed.sn\/index.php?rest_route=\/wp\/v2\/pages\/2193","targetHints":{"allow":["GET"]}}],"collection":[{"href":"https:\/\/www.jed.sn\/index.php?rest_route=\/wp\/v2\/pages"}],"about":[{"href":"https:\/\/www.jed.sn\/index.php?rest_route=\/wp\/v2\/types\/page"}],"author":[{"embeddable":true,"href":"https:\/\/www.jed.sn\/index.php?rest_route=\/wp\/v2\/users\/1"}],"replies":[{"embeddable":true,"href":"https:\/\/www.jed.sn\/index.php?rest_route=%2Fwp%2Fv2%2Fcomments&post=2193"}],"version-history":[{"count":26,"href":"https:\/\/www.jed.sn\/index.php?rest_route=\/wp\/v2\/pages\/2193\/revisions"}],"predecessor-version":[{"id":4852,"href":"https:\/\/www.jed.sn\/index.php?rest_route=\/wp\/v2\/pages\/2193\/revisions\/4852"}],"wp:featuredmedia":[{"embeddable":true,"href":"https:\/\/www.jed.sn\/index.php?rest_route=\/wp\/v2\/media\/4658"}],"wp:attachment":[{"href":"https:\/\/www.jed.sn\/index.php?rest_route=%2Fwp%2Fv2%2Fmedia&parent=2193"}],"curies":[{"name":"wp","href":"https:\/\/api.w.org\/{rel}","templated":true}]}}